{"id":1310,"date":"2021-01-15T11:00:30","date_gmt":"2021-01-15T11:00:30","guid":{"rendered":"http:\/\/spero.ici.ro\/?page_id=1310"},"modified":"2021-01-21T15:34:50","modified_gmt":"2021-01-21T15:34:50","slug":"eveniment-prezentare-publica","status":"publish","type":"page","link":"https:\/\/spero.ici.ro\/?page_id=1310","title":{"rendered":"Eveniment prezentare public\u0103"},"content":{"rendered":"\n<p>Membrii consor\u021biului proiectului SPERO (<a href=\"http:\/\/spero.ici.ro\/\">http:\/\/spero.ici.ro<\/a>) au deosebita pl\u0103cere s\u0103 v\u0103 invite la evenimentul de prezentare a solu\u021biei software dezvoltate \u00een cadrul proiectului SPERO &#8211;&nbsp;<em>Tehnologii spa\u021biale \u00een managementul dezastrelor \u0219i crizelor majore, manifestate la nivel local, na\u021bional \u0219i regional<\/em>, proiect 3SOL\/2017 de tip Solu\u021bii finan\u021bat de UEFISCDI prin programul P2 &#8211; Cre\u0219terea competitivit\u0103\u021bii economiei rom\u00e2ne\u0219ti prin CDI &#8211; Solu\u021bii (SOL), av\u00e2nd ca beneficiar \u0219i principal utilizator autoritatea public\u0103 ROSA.<\/p>\n\n\n\n<p>Agenda evenimentului online este urm\u0103toarea**:<\/p>\n\n\n\n<figure class=\"wp-block-table\"><table><tbody><tr><td>14.00<\/td><td><strong>Deschidere<\/strong><br><em>Florin POP<\/em>, Director proiect SPERO, ICI Bucure\u0219ti<\/td><\/tr><tr><td>14.05<\/td><td><strong>Oferta SPERO de servicii \u0219i produse informa\u021bionale<\/strong><br><em>Gabriel NEAGU<\/em>, Membru echipa de coordonare \u0219i dezvoltare, ICI Bucure\u0219ti<\/td><\/tr><tr><td>14.15<\/td><td><strong>Prezentarea general\u0103 a platformei SPERO<\/strong><br><em>Sorin CERNEA, George NISTOR<\/em>, Responsabil de integrare SPERO, UTI Group<br><strong>Prezentarea platformei de gestiune a datelor satelitare DHuS @ ROSA<\/strong><br><em>Adrian STOICA<\/em>, TERRASIGNA<\/td><\/tr><tr><td>14.30<\/td><td><strong>Prezentarea aplica\u021biei de CrowdMapping<\/strong><br><em>Ion-Dorinel FILIP<\/em>, UPB, Bucure\u0219ti<\/td><\/tr><tr><td>14.35<\/td><td><strong>Definirea \u0219i analiza unei situa\u021bii de urgen\u021b\u0103<\/strong><br><em>Adrian STOICA<\/em>, Responsabil tehnic SPERO, TERRASIGNA<br><em>Daniela FAUR,<\/em>&nbsp;UPB, Bucure\u0219ti<\/td><\/tr><tr><td>14.50<\/td><td><strong>Prezentarea serviciilor de secet\u0103 \u0219i cutremure<\/strong><br><em>Adrian STOICA<\/em>, Responsabil tehnic SPERO, TERRASIGNA<\/td><\/tr><tr><td>15.00<\/td><td><strong>Crearea de alerte \u00een timp real folosind serviciul&nbsp;Search and Rescue<\/strong><br><em>Claudiu DR\u0102G\u0102\u0218ANU<\/em>, ISS, Bucure\u0219ti<br><em>Sorin CERNEA, George NISTOR<\/em>, Responsabil de integrare SPERO, UTI Group<\/td><\/tr><tr><td>15.10<\/td><td><strong>Prezentarea serviciilor de vreme spa\u021bial\u0103 \u0219i supraveghere spa\u021bial\u0103<\/strong><br><em>Diana BESLIU-IONESCU, Octavian B\u0102DESCU, Alin NEDELCU<\/em>, IAAR, Bucure\u0219ti<\/td><\/tr><tr><td>15.20<\/td><td><strong>Prezentarea serviciului de securitate \u0219i a scenariilor de utilizare<\/strong><br><em>Alin-Constantin SAVA<\/em>, ATM, Bucure\u0219ti<\/td><\/tr><tr><td>15.30<\/td><td><strong>Prezentarea rezultatelor scenariului practic de CrowdMapping<\/strong><br><em>Ion-Dorinel FILIP<\/em>, UPB, Bucure\u0219ti<\/td><\/tr><tr><td>15.40<\/td><td><strong>Discu\u021bii \u0219i concluzii<\/strong><br>Moderator:&nbsp;<em>Florin<\/em>&nbsp;<em>POP<\/em>, Director proiect, ICI Bucure\u0219ti<br><em>Reprezentan\u021bii ROSA, Beneficiarii proiectului<\/em><\/td><\/tr><\/tbody><\/table><\/figure>\n\n\n\n<p>Agenda poate fi desc\u0103rcat\u0103 de <a rel=\"noreferrer noopener\" href=\"http:\/\/spero.ici.ro\/wp-content\/uploads\/2021\/01\/spero-invitatie-eveniment-prezentare-2021.pdf\" data-type=\"URL\" data-id=\"http:\/\/spero.ici.ro\/wp-content\/uploads\/2021\/01\/spero-invitatie-eveniment-prezentare-2021.pdf\" target=\"_blank\">aici<\/a>. Prezent\u0103rile din cadrul sesiunii publice sunt disponibile, astfel:<\/p>\n\n\n\n<ul class=\"wp-block-list\"><li>Prezentarea general\u0103 a proiectului [<a href=\"http:\/\/spero.ici.ro\/wp-content\/uploads\/2021\/01\/SPERO-Prezentare_Proiect_Ian2021.pdf\" data-type=\"URL\" data-id=\"http:\/\/spero.ici.ro\/wp-content\/uploads\/2021\/01\/SPERO-Prezentare_Proiect_Ian2021.pdf\">pdf<\/a>]<\/li><li>Oferta de servicii \u0219i produse informa\u021bionale [<a href=\"http:\/\/spero.ici.ro\/wp-content\/uploads\/2021\/01\/Oferta-SPERO_21-01-2021-1.pdf\" data-type=\"URL\" data-id=\"http:\/\/spero.ici.ro\/wp-content\/uploads\/2021\/01\/Oferta-SPERO_21-01-2021-1.pdf\">pdf<\/a>]<\/li><\/ul>\n\n\n\n<p><\/p>\n","protected":false},"excerpt":{"rendered":"<p>Membrii consor\u021biului proiectului SPERO (http:\/\/spero.ici.ro) au deosebita pl\u0103cere s\u0103 v\u0103 invite la evenimentul de prezentare a solu\u021biei software dezvoltate \u00een cadrul proiectului SPERO &#8211;&nbsp;Tehnologii spa\u021biale \u00een managementul dezastrelor \u0219i crizelor majore, manifestate la nivel local, na\u021bional \u0219i regional, proiect 3SOL\/2017&#8230;<br \/><a class=\"read-more-button\" href=\"https:\/\/spero.ici.ro\/?page_id=1310\">Read more<\/a><\/p>\n","protected":false},"author":1,"featured_media":0,"parent":0,"menu_order":0,"comment_status":"closed","ping_status":"closed","template":"","meta":{"footnotes":""},"class_list":["post-1310","page","type-page","status-publish","hentry"],"_links":{"self":[{"href":"https:\/\/spero.ici.ro\/index.php?rest_route=\/wp\/v2\/pages\/1310","targetHints":{"allow":["GET"]}}],"collection":[{"href":"https:\/\/spero.ici.ro\/index.php?rest_route=\/wp\/v2\/pages"}],"about":[{"href":"https:\/\/spero.ici.ro\/index.php?rest_route=\/wp\/v2\/types\/page"}],"author":[{"embeddable":true,"href":"https:\/\/spero.ici.ro\/index.php?rest_route=\/wp\/v2\/users\/1"}],"replies":[{"embeddable":true,"href":"https:\/\/spero.ici.ro\/index.php?rest_route=%2Fwp%2Fv2%2Fcomments&post=1310"}],"version-history":[{"count":6,"href":"https:\/\/spero.ici.ro\/index.php?rest_route=\/wp\/v2\/pages\/1310\/revisions"}],"predecessor-version":[{"id":1321,"href":"https:\/\/spero.ici.ro\/index.php?rest_route=\/wp\/v2\/pages\/1310\/revisions\/1321"}],"wp:attachment":[{"href":"https:\/\/spero.ici.ro\/index.php?rest_route=%2Fwp%2Fv2%2Fmedia&parent=1310"}],"curies":[{"name":"wp","href":"https:\/\/api.w.org\/{rel}","templated":true}]}}