{"id":468,"date":"2017-04-03T10:32:46","date_gmt":"2017-04-03T07:32:46","guid":{"rendered":"http:\/\/spero.ici.ro\/?page_id=468"},"modified":"2020-11-26T05:19:12","modified_gmt":"2020-11-26T05:19:12","slug":"viziune-si-obiective","status":"publish","type":"page","link":"https:\/\/spero.ici.ro\/?page_id=468","title":{"rendered":"Obiective"},"content":{"rendered":"\n<p>\u00cen contextul cre\u015fterii num\u0103rului \u015fi gravit\u0103\u0163ii situa\u0163iilor de urgen\u0163\u0103 generate de dezastre naturale, accidente industriale, &nbsp;situa\u0163ii de criz\u0103 umanitare sau fenomene extreme atmosferice \u015fi spa\u0163iale, devine tot mai important\u0103 rezolvarea eficient\u0103 a managementului acestora, printr-o abordare integrat\u0103, care acoper\u0103 toate etapele specifice de prevenire, managementul evenimentelor de criz\u0103 \u015fi &nbsp;refacerea zonelor afectate.<\/p>\n\n\n\n<blockquote class=\"wp-block-quote is-layout-flow wp-block-quote-is-layout-flow\"><p>Principalele probleme propuse spre rezolvare se refer\u0103 la: punerea la dispozi\u0163ie a unei complexe baze de date geo-spa\u0163iale \u015fi a instrumentelor de vizualizare, procesare \u015fi analiz\u0103 a acestora; inventarierea zonelor de risc \u015fi a mijloacelor existente \u015fi necesare pentru managementul dezastrelor \u015fi crizelor majore; analiza&nbsp;integrat\u0103 a situa\u0163iei la nivel local, na\u0163ional \u015fi regional; facilitarea accesului la aceste resurse informa\u0163ionale a structurilor cu atribu\u0163ii \u00een prevenirea crizelor majore \u015fi interven\u0163ia la dezastre; fundamentarea politicilor \u015fi ini\u0163iativelor na\u0163ionale \u015fi regionale \u00een domeniu; integrarea \u015fi valorificarea expertizei na\u0163ionale din domenii suport ca \u015ftiin\u0163ele geo-spa\u0163iale, geodezie, cartografie, fotogrammetrie, teledetec\u0163ie, astrofizic\u0103, procesare date optice \u015fi video, securitate \u015fi TIC.<\/p><\/blockquote>\n\n\n\n<figure class=\"wp-block-table is-style-stripes\"><table><thead><tr><th>Nr.<\/th><th>Obiectivele proiectului<\/th><th>Responsabil<\/th><\/tr><\/thead><tbody><tr><td>O1<\/td><td>Dezvoltarea unui sistem informa\u0163ional (hardware \u015fi software) integrat de gestionare a informa\u0163iilor\/datelor \u015fi management al situa\u0163iilor de urgen\u0163\u0103, inclusiv generarea \u015fi gestionarea de alerte, dedicat structurilor cu atribu\u0163ii \u00een prevenirea crizelor majore \u015fi interven\u0163ii la dezastre. (OG1, OG2)<\/td><td>P2 &#8211; UTI<\/td><\/tr><tr><td>O2<\/td><td>Dezvoltarea \u00een cadrul sistemului a unor instrumente suport pentru implementarea tehnicilor FAST MAPPING, \u00een vederea gener\u0103rii \u00een timp util a h\u0103r\u0163ilor de risc, a evalu\u0103rii pagubelor pentru diverse tipologii de riscuri. (OG2)<\/td><td>P1 &#8211; UPB<\/td><\/tr><tr><td>O3<\/td><td>Dezvoltarea unor instrumente de \u00eenregistrare \u00een sistemul propus, vizualizare, prelucrare \u015fi raportare a evenimentelor, actuale \u015fi istorice, pentru a forma o baz\u0103 de date de referin\u0163\u0103. (OS1, OS6)<\/td><td>CP &#8211; ICI<\/td><\/tr><tr><td>O4<\/td><td>Preluarea \u015fi procesarea \u00een cadrul sistemului a informa\u0163iilor din diverse surse de date (exp.: aeriene, satelitare, spa\u0163iale, in-situ, fotograme aeriene \u015fi terestre, date din re\u0163ele sociale, etc.) specifice diferitelor tipuri de dezastre, inclusiv digitizarea de imagini istorice. (OS2, OS3, OS6, OS7)<\/td><td>CP &#8211; ICI<\/td><\/tr><tr><td>O5<\/td><td>Preluarea \u015fi procesarea \u00een cadrul sistemului a informa\u0163iilor de la sisteme europene de management al datelor satelitare, produselor \u015fi serviciilor generate prin Copernicus (date satelitare via DHUS, Scihub, Land Monitoring Service, Emergency Management Service, Atmospheric Monitoring Service, Maritime Environment Monitoring Service, Climate Change Service, Security Service, DIAS). (OS4)<\/td><td>P4 &#8211; TERRASIGNA<\/td><\/tr><tr><td>O6<\/td><td>Preluarea \u015fi procesarea \u00een cadrul sistemului a datelor de la sisteme de preven\u0163ie \u015fi management al situa\u0163iilor de urgen\u0163\u0103 gestionate de autorit\u0103\u0163i publice, precum \u015fi din diverse baze de date getionate de alte organiza\u0163ii (exp.: h\u0103r\u0163i de risc din RO-RISK, date p\u0103duri de la ICAS, date cutremure de la INFP, etc). (OS5)<\/td><td>P2 &#8211; UTI<\/td><\/tr><tr><td>O7<\/td><td>Dezvoltarea \u00een cadrul sistemului a unor instrumente inovative de arhivare, c\u0103utare, vizualizare \u015fi procesare a datelor satelitare, utiliz\u00e2nd metadatele aferente, precum \u015fi punerea acestora la dispozi\u0163ia utilizatorilor finali pe baza de drepturilor de acces definite. (OS6)<\/td><td>P1 &#8211; UPB<\/td><\/tr><tr><td>O8<\/td><td>Dezvoltarea unor servicii inovative de analiz\u0103, evaluare \u015fi monitorizare a unor situa\u0163ii de urgen\u0163\u0103, criz\u0103 \u015fi dezastre naturale, (exp.: inunda\u0163ii, secet\u0103, alunec\u0103ri de teren, cutremure, securitate, evenimente spa\u0163iale, c\u0103utare \u015fi salvare, fenomene meteo extreme, etc.), ale c\u0103ror produse finite vor fi livrate de c\u0103tre partenerii proiectului prin intermediul arhitecturii de tip DIAS a sistemului propus. (OS6)<\/td><td>P4 &#8211; TERRASIGNA<\/td><\/tr><tr><td>O9<\/td><td>Dezvoltarea unor instrumente de gestionare \u015fi integrare \u00een sistem, a alertelor de tip \u201eC\u0103utare \u015fi salvare\u201d provenite de la constela\u0163ia de sateli\u0163i Galileo prin intermediul Centrelor de Control ale Misiunii. (OS9)<\/td><td>P5 &#8211; ISS<\/td><\/tr><tr><td>O10<\/td><td>Dezvoltarea unei componente de observa\u0163ii in-situ, bazat pe sisteme aeriene f\u0103r\u0103 pilot (UAS) dotate cu camere optice\/video \u00een vizibil \u015fi termal, pentru furnizarea de informa\u0163ii \u00een timp real din zone calamitate. (OS3)<\/td><td>P3 &#8211; ACTTM<\/td><\/tr><tr><td>O11<\/td><td>Dezvoltarea unei componente de guvernan\u0163\u0103\/gestionare inteligent\u0103 a diverselor cereri de utilizare a sistemului, a datelor \u015fi serviciilor oferite de acesta, \u00een general sau la apari\u0163ia unei situa\u0163ii de urgen\u0163\u0103, precum \u015fi a fluxurilor de informa\u0163ii interne \u015fi externe. (OS8)<\/td><td>P4 &#8211; TERRASIGNA<\/td><\/tr><\/tbody><\/table><\/figure>\n\n\n\n<blockquote class=\"wp-block-quote is-layout-flow wp-block-quote-is-layout-flow\"><p>Pentru fiecare obiectiv m\u0103surabil este men\u0163ionat\u0103 coresponden\u0163a cu obiectivele specifice din Termenii de referin\u0163\u0103 \u015fi se constat\u0103 acoperirea integral\u0103 a acestora. Ca nivel de realizare a acestor obiective, proiectul \u00ee\u015fi propune demonstrarea maturit\u0103\u021bii solu\u021biei prin realizarea unui prototip testat \u00eentr-un mediu relevant pentru condi\u021biile reale de func\u021bionare (TRL 6).<\/p><\/blockquote>\n\n\n\n<figure class=\"wp-block-table is-style-stripes\"><table><tbody><tr><td>OG1<\/td><td>Dezvoltarea de modele, tehnici \u015fi tehnologii hardware \u015fi software pentru preluarea, integrarea, prelucrarea \u015fi interpretarea \u00een timp real a imaginilor \u015fi informa\u0163iilor satelitare (FAST MAPPING), pentru elaborarea de produse informa\u0163ionale complexe relevante pentru structurile cu atribu\u0163ii \u00een prevenirea crizelor majore \u015fi interven\u0163ia la dezastre.<\/td><\/tr><tr><td>OG2<\/td><td>Dezvoltarea unui sistem integrat de management al situa\u0163iilor de urgen\u0163\u0103, bazat pe implementarea tehnicilor FAST MAPPING, &nbsp;care s\u0103 faciliteze generarea \u00een timp util de h\u0103r\u0163i de risc, &nbsp;ob\u0163inerea de informa\u0163ii privind distribu\u0163ia spa\u0163ial\u0103 a unor elemente de interes referitoare la evaluarea pagubelor, monitorizarea arealelor predispuse la risc de inunda\u0163ii, secet\u0103, alunec\u0103ri de teren, cutremure, etc. pentru \u00eembun\u0103t\u0103\u0163irea managementului situa\u0163iilor pre \u015fi post-criz\u0103, pentru reducerea expunerii umane la dezastre, cunoa\u015fterii factorilor de mediu importan\u0163i, atenu\u0103rii efectelor \u015fi adapt\u0103rii la schimb\u0103rile climatice.&nbsp;<\/td><\/tr><tr><td>OS1<\/td><td>Dezvoltarea unor baze de date de referin\u0163\u0103 pentru raportarea \u015fi analiza riscurilor asociate cu dezastre naturale, accidente industriale sau situa\u0163ii de criz\u0103 umanitare precum \u015fi pentru \u00eenregistrarea datelor istorice privind dezastrele sau situa\u0163iile de criz\u0103<\/td><\/tr><tr><td>OS2<\/td><td>Identificarea \u015fi integrarea prin digitizare a informa\u0163iilor imagine \u00een format analogic (fotograme aeriene \u015fi terestre) \u00eenregistrate \u00een arealele calamitate \u00een cazul unor dezastre majore (de.ex. inunda\u0163iile din anii 1970, cutremurul din 1977, s.a.)<\/td><\/tr><tr><td>OS3<\/td><td>Proiectarea \u015fi dezvoltarea unor sisteme complementare de observa\u0163ii in-situ bazate pe sisteme aeriene f\u0103r\u0103 pilot (UAS), inclusiv baloane captive, capabile s\u0103 asigure \u00eenregistr\u0103ri ale zonelor afectate de dezastre sau situa\u0163ii de criz\u0103 pe teritoriul na\u0163ional<\/td><\/tr><tr><td>OS4<\/td><td>Conectarea la sistemele europene de management al datelor satelitare \u0219i produselor informa\u021bionale generate \u00een cadrul programului Copernicus \u2013 sistemul de sol integrat (Integrated Ground Segment) \u0219i serviciile pentru atmosfer\u0103, mediul marin, monitorizarea terenului, securitate, situa\u021bii de urgen\u021b\u0103 \u0219i schimb\u0103ri climatice<\/td><\/tr><tr><td>OS5<\/td><td>Conectarea la sistemele de prevenire \u0219i management al situa\u021biilor de urgen\u021b\u0103 men\u021binute de autorit\u0103\u021bile publice \u0219i bazele de date dezvoltate \u0219i \u00eentre\u021binute de organiza\u021bii (INCD) aflate \u00een subordinea sau coordonarea MENCS<\/td><\/tr><tr><td>OS6<\/td><td>Asigurarea unor mijloace eficiente de reg\u0103sire, procesare \u0219i analiz\u0103 a datelor satelitare, precum \u0219i publicarea produselor informa\u021bionale \u00een vederea prelu\u0103rii lor de c\u0103tre autorit\u0103\u021bile publice cu responsabilit\u0103\u021bi \u00een managementul dezastrelor \u0219i de c\u0103tre publicul larg, \u00een str\u00e2ns\u0103 concordan\u021b\u0103 cu contextul European actual caracterizat de dezvoltarea sistemelor de acces la date \u0219i informa\u021bii (DIAS \u2013 Data and Information Access Services)<\/td><\/tr><tr><td>OS7<\/td><td>Asigurarea mijloacelor necesare pentru integrarea \u0219i procesarea datelor multi-surs\u0103, multi-temporale aeriene, satelitare \u0219i in-situ, specifice diferitelor tipuri de dezastre, inclusiv crowd-mapping<\/td><\/tr><tr><td>OS8<\/td><td>Gestiunea integrat\u0103 a cererilor privind utilizarea produselor derivate din date satelitare \u00een situa\u021bii de urgen\u021b\u0103 \u0219i managementul fluxurilor informa\u021bionale pe durata acestor situa\u021bii<\/td><\/tr><tr><td>OS9<\/td><td>Integrarea instrumentelor necesare pentru managementul situa\u021biilor de criz\u0103 caracterizate de necesitatea derul\u0103rii unor opera\u021biuni de c\u0103utare \u0219i salvare folosind serviciile Galileo<\/td><\/tr><\/tbody><\/table><\/figure>\n","protected":false},"excerpt":{"rendered":"<p>\u00cen contextul cre\u015fterii num\u0103rului \u015fi gravit\u0103\u0163ii situa\u0163iilor de urgen\u0163\u0103 generate de dezastre naturale, accidente industriale, &nbsp;situa\u0163ii de criz\u0103 umanitare sau fenomene extreme atmosferice \u015fi spa\u0163iale, devine tot mai important\u0103 rezolvarea eficient\u0103 a managementului acestora, printr-o abordare integrat\u0103, care acoper\u0103 toate&#8230;<br \/><a class=\"read-more-button\" href=\"https:\/\/spero.ici.ro\/?page_id=468\">Read more<\/a><\/p>\n","protected":false},"author":1,"featured_media":0,"parent":0,"menu_order":0,"comment_status":"closed","ping_status":"closed","template":"","meta":{"footnotes":""},"class_list":["post-468","page","type-page","status-publish","hentry"],"_links":{"self":[{"href":"https:\/\/spero.ici.ro\/index.php?rest_route=\/wp\/v2\/pages\/468","targetHints":{"allow":["GET"]}}],"collection":[{"href":"https:\/\/spero.ici.ro\/index.php?rest_route=\/wp\/v2\/pages"}],"about":[{"href":"https:\/\/spero.ici.ro\/index.php?rest_route=\/wp\/v2\/types\/page"}],"author":[{"embeddable":true,"href":"https:\/\/spero.ici.ro\/index.php?rest_route=\/wp\/v2\/users\/1"}],"replies":[{"embeddable":true,"href":"https:\/\/spero.ici.ro\/index.php?rest_route=%2Fwp%2Fv2%2Fcomments&post=468"}],"version-history":[{"count":7,"href":"https:\/\/spero.ici.ro\/index.php?rest_route=\/wp\/v2\/pages\/468\/revisions"}],"predecessor-version":[{"id":1302,"href":"https:\/\/spero.ici.ro\/index.php?rest_route=\/wp\/v2\/pages\/468\/revisions\/1302"}],"wp:attachment":[{"href":"https:\/\/spero.ici.ro\/index.php?rest_route=%2Fwp%2Fv2%2Fmedia&parent=468"}],"curies":[{"name":"wp","href":"https:\/\/api.w.org\/{rel}","templated":true}]}}