{"id":476,"date":"2017-04-03T10:34:36","date_gmt":"2017-04-03T10:34:36","guid":{"rendered":"http:\/\/spero.ici.ro\/?page_id=476"},"modified":"2020-11-26T04:18:26","modified_gmt":"2020-11-26T04:18:26","slug":"rezultatele-proiectului-2","status":"publish","type":"page","link":"https:\/\/spero.ici.ro\/?page_id=476","title":{"rendered":"Solu\u021bia SPERO"},"content":{"rendered":"<p>Preconiz\u0103m urm\u0103toarele rezultate pentru proiectul SPERO:<\/p>\n<ol>\n<li>Platforma\/sistem informa\u0163ional (HW \u015fi SW) integrat pentru observa\u0163ii satelitare, in-situ \u015fi produsele derivate pentru managementul dezastrelor, gestionat\u0103 de ROSA \u015fi accesibil\u0103 organiza\u0163iilor legal mandatate;<\/li>\n<li>\u201eMirroring\u201d date satelitare Copernicus \u015fi posibilit\u0103\u0163i de c\u0103utare \u015fi accesare avansate, organiza\u0163iile de tip CDI beneficiind &nbsp;de sprijin direct privind asigurarea \u015fi u\u015furin\u0163a accesului la date satelitare;<\/li>\n<li>Instrument de \u00eenregistrare \u00een sistemul propus, vizualizare, prelucrare \u015fi raportare a evenimentelor\/dezastrelor, actuale \u015fi istorice, pentru a forma o baza de date de referin\u0163\u0103 a situa\u0163iilor de criz\u0103\/dezastre;<\/li>\n<li>Servicii inovative de analiz\u0103, evaluare \u015fi monitorizare a unor situa\u0163ii de urgen\u0163\u0103\/dezastre naturale (ex: inunda\u0163ii, seceta, alunec\u0103ri de teren, cutremure, securitate, evenimente spa\u0163iale, c\u0103utare \u015fi salvare, fenomene meteo extreme etc.), livrate de c\u0103tre partenerii proiectului prin intermediul arhitecturii de tip DIAS a sistemului propus;<img loading=\"lazy\" decoding=\"async\" class=\"size-medium wp-image-857 alignright\" src=\"http:\/\/spero.ici.ro\/wp-content\/uploads\/2017\/04\/624941-businessgraphprofit-1383165553-663-640x480-300x225.jpg\" alt=\"\" width=\"300\" height=\"225\"><\/li>\n<li>Instrumente de gestionare \u015fi integrare \u00een sistem a alertelor de tip \u201eC\u0103utare \u015fi salvare\u201d Galileo;<\/li>\n<li>Component\u0103 de observa\u0163ii \u00een-situ, bazat\u0103 pe sisteme aeriene f\u0103r\u0103 pilot (UAS), dotat\u0103 cu camere optice\/video in vizibil \u015fi termal, pentru furnizarea de informa\u0163ii \u00een timp real din zone calamitate;<\/li>\n<li>Model de guvernan\u0163\u0103 (coordonare, roluri, responsabilit\u0103\u0163i) a sistemului;<\/li>\n<li>Recomand\u0103ri privind asigurarea sustenabilit\u0103\u0163ii \u015fi evolu\u0163ia viitoare a sistemului propus.<\/li>\n<\/ol>\n","protected":false},"excerpt":{"rendered":"<p>Preconiz\u0103m urm\u0103toarele rezultate pentru proiectul SPERO: Platforma\/sistem informa\u0163ional (HW \u015fi SW) integrat pentru observa\u0163ii satelitare, in-situ \u015fi produsele derivate pentru managementul dezastrelor, gestionat\u0103 de ROSA \u015fi accesibil\u0103 organiza\u0163iilor legal mandatate; \u201eMirroring\u201d date satelitare Copernicus \u015fi posibilit\u0103\u0163i de c\u0103utare \u015fi accesare&#8230;<br \/><a class=\"read-more-button\" href=\"https:\/\/spero.ici.ro\/?page_id=476\">Read more<\/a><\/p>\n","protected":false},"author":1,"featured_media":0,"parent":0,"menu_order":0,"comment_status":"closed","ping_status":"closed","template":"","meta":{"footnotes":""},"class_list":["post-476","page","type-page","status-publish","hentry"],"_links":{"self":[{"href":"https:\/\/spero.ici.ro\/index.php?rest_route=\/wp\/v2\/pages\/476","targetHints":{"allow":["GET"]}}],"collection":[{"href":"https:\/\/spero.ici.ro\/index.php?rest_route=\/wp\/v2\/pages"}],"about":[{"href":"https:\/\/spero.ici.ro\/index.php?rest_route=\/wp\/v2\/types\/page"}],"author":[{"embeddable":true,"href":"https:\/\/spero.ici.ro\/index.php?rest_route=\/wp\/v2\/users\/1"}],"replies":[{"embeddable":true,"href":"https:\/\/spero.ici.ro\/index.php?rest_route=%2Fwp%2Fv2%2Fcomments&post=476"}],"version-history":[{"count":5,"href":"https:\/\/spero.ici.ro\/index.php?rest_route=\/wp\/v2\/pages\/476\/revisions"}],"predecessor-version":[{"id":1268,"href":"https:\/\/spero.ici.ro\/index.php?rest_route=\/wp\/v2\/pages\/476\/revisions\/1268"}],"wp:attachment":[{"href":"https:\/\/spero.ici.ro\/index.php?rest_route=%2Fwp%2Fv2%2Fmedia&parent=476"}],"curies":[{"name":"wp","href":"https:\/\/api.w.org\/{rel}","templated":true}]}}