{"id":486,"date":"2017-04-03T10:40:41","date_gmt":"2017-04-03T07:40:41","guid":{"rendered":"http:\/\/spero.ici.ro\/?page_id=486"},"modified":"2019-12-12T16:57:17","modified_gmt":"2019-12-12T13:57:17","slug":"rezultatele-proiectului","status":"publish","type":"page","link":"https:\/\/spero.ici.ro\/?page_id=486","title":{"rendered":"Rezultatele proiectului"},"content":{"rendered":"\n<h2 class=\"wp-block-heading\">Etapa 1 (2017)<\/h2>\n\n\n\n<ul class=\"wp-block-list\"><li>Rapoarte \u0219tiin\u021bifice \u0219i tehnice elaborate \u00een cadrul celor 13 activit\u0103\u021bi, care constituie o baz\u0103 de cunoa\u0219ere a proiectului, la dispozi\u021bia echipei de realizare, pe parcursul etapelor de proiectare \u0219i dezvoltare;<\/li><li>Dezvoltarea real\u021biilor de colaborare la nivelul consor\u021biului, beneficiind \u00een acest sens de regimul intens de lucru impus de \u00eendeplinirea planului ds realizare al etapei;<\/li><li>Exersarea principalelor proceduri de derulare a colabor\u0103rii \u0219i de validare a rezultatelor, convenite prin acordul de parteneriat;<\/li><li>Acordarea priorit\u0103\u021bii necesare dialogului \u0219i consult\u0103rii cu reprezentan\u021bii beneficiarului proiectului, corespunz\u0103tor prevederilor protocolului de lucru convenit la demararea proiectului.<\/li><\/ul>\n\n\n\n<div class=\"wp-block-image is-style-default\"><figure class=\"aligncenter size-large\"><img decoding=\"async\" src=\"http:\/\/spero.ici.ro\/wp-content\/uploads\/2019\/12\/Picture-7-1.png\" alt=\"\" class=\"wp-image-1153\"\/><figcaption>Arhitectura sistemului SPERO<\/figcaption><\/figure><\/div>\n\n\n\n<h2 class=\"wp-block-heading\">Etapa 2 (2018)<\/h2>\n\n\n\n<ul class=\"wp-block-list\"><li>Prezentarea general\u0103 a arhitecturii sistemului SPERO;<\/li><li>Platforma integrat\u0103 SPERO \u2013 infrastructura IT;<\/li><li>Arhitectura portalului pentru utilizatori \u0219i a serviciilor de procesare pentru scenariile de lucru;<\/li><li>Documenta\u0163ie tehnic\u0103 privind sistemele UAS;<\/li><li>Documenta\u0163ie tehnic\u0103 de execu\u0163ie pentru sistemul UAS ce va permite culegerea datelor din zonele de criz\u0103, sistem ce va fi realizat la sf\u00e2r\u0219itul etapei, format din:&nbsp;platform\u0103 aerian\u0103 ce va culege datele din zonele de criz\u0103; sta\u0163ie de sol ce va permite controlul platformei aeriene \u0219i stocarea \u0219i prelucrarea datelor culese de platforma aerian\u0103;<\/li><li>Identificarea datele spatiale necesare a fi integrate \u00een serviciile standardizate OGC precum \u0219i medatadele \u0219i datele de tip atribut ce le insotesc;<\/li><li>Proceduri de ingestie a datelor, efectuandu-se deja o serie de rulari ale procedurilor de ingestie a datelor;<\/li><li>Realizare a componentei de colectare \u0219i gestionare a datelor satelitare a fost definita intai o metodologie de lucru pe baza careia s-a trecut la definirea \u0219i implementarea diverselor instrumente software;<\/li><li>Crearea unei baze de date spa\u021biale;<\/li><li>Sistemul de gestiune a datelor \u0219i metadatelor;<\/li><li>Depozitul de date spa\u021biale \u0219i serviciul de tip server de catalog \u0219i registru, utilizat pentru descoperirea, navigarea \u0219i interogarea metadatelor seturilor de date spa\u021biale, precum \u0219i pentru identificarea \u0219i interogarea serviciilor spa\u021biale \u0219i a altor resurse;<\/li><li>Organizarea Mesei Rotunde SPERO cu poten\u021biali beneficiari de servicii \u0219i furnizori de date;<\/li><li>Lista solutiilor (algoritmi, metode, instrumente, tehnologii) ce vor fi integrate \u00een platforma;&nbsp;<\/li><li>Descrierea solutiilor \u0219i procedurii de aplicare \u00een cadrul scenariilor de lucru;<\/li><li>Instrumente suport pentru implementarea tehnicilor FAST MAPPING;<\/li><li>Serviciul de monitorizare a fi\u0219ierelor de tip alert\u0103 provenite de la MCC, interpretarea acestora, extragerea informa\u021biilor din cadrul acestor fi\u0219iere \u0219i afi\u0219area lor sub o form\u0103 intuitiv\u0103 utilizatorului final;<\/li><li>Principiul de func\u021bionare, fluxul de date necesar, dezvoltarea aplica\u021biei de monitorizare a alertelor MCC, instrumentele pe care aceasta le pune la dispozi\u021bia utilizatorului, restric\u021biile \u0219i sursele de date pe care aceasta le accept\u0103 la intrare.<\/li><\/ul>\n\n\n\n<div class=\"wp-block-image\"><figure class=\"aligncenter size-large\"><img decoding=\"async\" src=\"http:\/\/spero.ici.ro\/wp-content\/uploads\/2019\/12\/Picture-6-1.png\" alt=\"\" class=\"wp-image-1171\"\/><figcaption>Fluxul de procesare al unui serviciu.<\/figcaption><\/figure><\/div>\n\n\n\n<div class=\"wp-block-image\"><figure class=\"aligncenter size-large\"><img decoding=\"async\" src=\"http:\/\/spero.ici.ro\/wp-content\/uploads\/2019\/12\/Picture-4-1.png\" alt=\"\" class=\"wp-image-1179\"\/><figcaption>Sistemul de mirroring DHuS.<\/figcaption><\/figure><\/div>\n\n\n\n<h2 class=\"wp-block-heading\">Etapa 3 (2019)<\/h2>\n\n\n\n<ul class=\"wp-block-list\"><li><strong>Portalul SPERO<\/strong>: Realizarea platformei web pentru interfa\u021ba utilizator de acces la datele \u0219i serviciile oferite;<\/li><li><strong>Lan\u021burile de procesare<\/strong>: Analiz\u0103 \u0219i documentare scenarii de lucru \u2013 fluxuri de date, prioritate rulare taskuri\/joburi, proiectare \u0219i implementare nivele de control \u0219i securitate;<\/li><li><strong>Componenta de Mirroring ESA<\/strong>&nbsp;cu generarea de statistici de utilizare.<\/li><li><strong>Achizi\u021bia public\u0103<\/strong>&nbsp;a platformei hardware a proiectului SPERO.<\/li><\/ul>\n\n\n\n<div class=\"wp-block-image\"><figure class=\"aligncenter size-large\"><img decoding=\"async\" src=\"http:\/\/spero.ici.ro\/wp-content\/uploads\/2019\/12\/Picture-13-1.png\" alt=\"\" class=\"wp-image-1176\"\/><figcaption>Arhitectura platformei hardware a proiectului SPERO.<\/figcaption><\/figure><\/div>\n\n\n\n<div class=\"wp-block-image\"><figure class=\"aligncenter size-large\"><img decoding=\"async\" src=\"http:\/\/spero.ici.ro\/wp-content\/uploads\/2019\/12\/Picture-12-1.png\" alt=\"\" class=\"wp-image-1177\"\/><figcaption>Echipamentele achizi\u021bionate.<\/figcaption><\/figure><\/div>\n\n\n\n<div class=\"wp-block-image\"><figure class=\"aligncenter size-large\"><img decoding=\"async\" src=\"http:\/\/spero.ici.ro\/wp-content\/uploads\/2019\/12\/Picture-9-1.png\" alt=\"\" class=\"wp-image-1178\"\/><figcaption>Interfa\u021ba de prezentare a portalului SPERO.<\/figcaption><\/figure><\/div>\n","protected":false},"excerpt":{"rendered":"<p>Etapa 1 (2017) Rapoarte \u0219tiin\u021bifice \u0219i tehnice elaborate \u00een cadrul celor 13 activit\u0103\u021bi, care constituie o baz\u0103 de cunoa\u0219ere a proiectului, la dispozi\u021bia echipei de realizare, pe parcursul etapelor de proiectare \u0219i dezvoltare; Dezvoltarea real\u021biilor de colaborare la nivelul consor\u021biului,&#8230;<br \/><a class=\"read-more-button\" href=\"https:\/\/spero.ici.ro\/?page_id=486\">Read more<\/a><\/p>\n","protected":false},"author":1,"featured_media":0,"parent":0,"menu_order":0,"comment_status":"closed","ping_status":"closed","template":"","meta":{"footnotes":""},"class_list":["post-486","page","type-page","status-publish","hentry"],"_links":{"self":[{"href":"https:\/\/spero.ici.ro\/index.php?rest_route=\/wp\/v2\/pages\/486","targetHints":{"allow":["GET"]}}],"collection":[{"href":"https:\/\/spero.ici.ro\/index.php?rest_route=\/wp\/v2\/pages"}],"about":[{"href":"https:\/\/spero.ici.ro\/index.php?rest_route=\/wp\/v2\/types\/page"}],"author":[{"embeddable":true,"href":"https:\/\/spero.ici.ro\/index.php?rest_route=\/wp\/v2\/users\/1"}],"replies":[{"embeddable":true,"href":"https:\/\/spero.ici.ro\/index.php?rest_route=%2Fwp%2Fv2%2Fcomments&post=486"}],"version-history":[{"count":15,"href":"https:\/\/spero.ici.ro\/index.php?rest_route=\/wp\/v2\/pages\/486\/revisions"}],"predecessor-version":[{"id":1185,"href":"https:\/\/spero.ici.ro\/index.php?rest_route=\/wp\/v2\/pages\/486\/revisions\/1185"}],"wp:attachment":[{"href":"https:\/\/spero.ici.ro\/index.php?rest_route=%2Fwp%2Fv2%2Fmedia&parent=486"}],"curies":[{"name":"wp","href":"https:\/\/api.w.org\/{rel}","templated":true}]}}