{"id":494,"date":"2017-04-03T10:42:12","date_gmt":"2017-04-03T07:42:12","guid":{"rendered":"http:\/\/spero.ici.ro\/?page_id=494"},"modified":"2019-12-12T07:19:36","modified_gmt":"2019-12-12T04:19:36","slug":"rapoartele-proiectului","status":"publish","type":"page","link":"https:\/\/spero.ici.ro\/?page_id=494","title":{"rendered":"Rapoartele proiectului"},"content":{"rendered":"\n<h2 class=\"wp-block-heading\">Etapa 1 (2017)<\/h2>\n\n\n\n<p>Raportul etapei 1 a proiectului prezint\u0103 sinteze rezultatelor activit\u0103\u021bilor derulate \u00een aceast\u0103 etap\u0103. Activit\u0103\u021bile a fost \u00een num\u0103r de 13, coordonate de partenerii proiectului. Pentru fiecare etap\u0103 este men\u021bionat coordonatorul acesteia, dar realizarea ei a implicat colaborare \u00eentre mai mul\u021bi parteneri din cadrul consor\u021biului.<\/p>\n\n\n\n<figure class=\"wp-block-table\"><table class=\"\"><tbody><tr><td><strong>1<\/strong><\/td><td><strong>Etapa I: Analiza infrastructurii, datelor \u015fi serviciilor existente ce se doresc a fi integrate \u00een sistemul propus. Proiectare modele \u015fi componente<\/strong><\/td><td><strong>Responsabil<\/strong><\/td><\/tr><tr><td>1.1<\/td><td>State-of-the-art: Investiga\u0163ia critic\u0103 a stadiului actual al cercet\u0103rilor \u00een domeniul temei proiectului<\/td><td>P4 &#8211; TERRASIGNA<\/td><\/tr><tr><td>1.2<\/td><td>Investiga\u0163ia critic\u0103 privind infrastructura existent\u0103 la nivelul beneficiarului (ROSA)<\/td><td>P2 &#8211; UTI<\/td><\/tr><tr><td>1.3<\/td><td>Analiza \/ investiga\u0163ia privind interconectarea la sisteme europene de management al datelor satelitare, produselor \u015fi serviciilor generate prin Copernicus<\/td><td>P4 &#8211; TERRASIGNA<\/td><\/tr><tr><td>1.4<\/td><td>Analiza \/ investiga\u0163ia privind interconectare la sisteme de preven\u0163ie \u015fi management al situa\u0163iilor de urgen\u0163\u0103 na\u0163ionale<\/td><td>P1 &#8211; UPB<\/td><\/tr><tr><td>1.5<\/td><td>Analiza \/ investiga\u0163ia privind colectarea \u015fi procesarea datelor multi-surs\u0103 (aeriene, satelitare, in-situ, etc.) specifice diferitelor tipuri de dezastre<\/td><td>P4 &#8211; TERRASIGNA<\/td><\/tr><tr><td>1.6<\/td><td>Analiza \/ investiga\u0163ia privind posibilit\u0103\u0163ile de interconectare \u015fi\/sau integrare cu sisteme\/instrumente de tip \u00ab Search and Rescue \u00bb folosind serviciile Galileo<\/td><td>P5 &#8211; ISS<\/td><\/tr><tr><td>1.7<\/td><td>Studiul legisla\u0163iei \u015fi reglement\u0103rilor \u00een domeniul proiectului \u015fi conexe<\/td><td>P6 &#8211; IAAR<\/td><\/tr><tr><td>1.8<\/td><td>Studiu de impact privind implementarea standardelor de interoperabilitate NATO (Stanag), EU, \u00een domeniu<\/td><td>P2 &#8211; UTI<\/td><\/tr><tr><td>1.9<\/td><td>Analiza \/ investiga\u0163ia cerin\u0163elor specifice de la poten\u0163ialii beneficiari. Definire scenarii de lucru<\/td><td>P1 &#8211; UPB<\/td><\/tr><tr><td>1.10<\/td><td>Studiu privind armonizarea dezvolt\u0103rii bazei de date cu directiva INSPIRE \u015fi \u00een contextul INIS<\/td><td>P2 &#8211; UTI<\/td><\/tr><tr><td>1.11<\/td><td>Proiectarea componentelor sistemului<\/td><td>P4 &#8211; TERRASIGNA<\/td><\/tr><tr><td>1.12<\/td><td>Proiectarea componentelor de management al aplica\u0163iilor de procesare date \u015fi a serviciilor de procesare\/algoritmilor pentru use case-urile de analiz\u0103 \u015fi raportare a riscurilor de dezastre naturale<\/td><td>P2 &#8211; UTI<\/td><\/tr><tr><td>1.13<\/td><td>Proiectarea arhitecturii componentei de management al datelor \u015fi specificarea datelor \/ informa\u0163iilor ce vor fi integrate \/ stocate \u00een sistem<\/td><td>CP &#8211; ICI<\/td><\/tr><\/tbody><\/table><\/figure>\n\n\n\n<a href=\"https:\/\/spero.ici.ro\/wp-content\/uploads\/2019\/12\/SPERO_Raport-St_Etapa-I.pdf\" class=\"pdfemb-viewer\" style=\"\" data-width=\"max\" data-height=\"max\" data-toolbar=\"bottom\" data-toolbar-fixed=\"off\">SPERO_Raport-St_Etapa-I<\/a>\n\n\n\n<h2 class=\"wp-block-heading\">Etapa 2 (2018)<\/h2>\n\n\n\n<p>Raportul etapei 2 a proiectului prezint\u0103 sinteze rezultatelor activit\u0103\u021bilor derulate \u00een aceast\u0103 etap\u0103. Activit\u0103\u021bile a fost \u00een num\u0103r de 13, coordonate de partenerii proiectului. Pentru fiecare etap\u0103 este men\u021bionat coordonatorul acesteia, dar realizarea ei a implicat colaborare \u00eentre mai mul\u021bi parteneri din cadrul consor\u021biului.<\/p>\n\n\n\n<figure class=\"wp-block-table\"><table class=\"\"><tbody><tr><td><strong>2<\/strong><\/td><td><strong>Etapa II: Elaborare modele, algoritmi, tehnologii \u015fi componente<\/strong><\/td><td><strong>Responsabil<\/strong><\/td><\/tr><tr><td>2.1<\/td><td>Proiectarea arhitecturii componentei pentru managementul infrastructurii TIC (hard, soft, interoperabilitate) \u015fi specificarea resurselor (cele achizi\u0163ionate&nbsp;&nbsp;pentru platforma integrat\u0103 \u015fi cele puse la dispozi\u0163ie de parteneri) necesare<\/td><td>P2 &#8211; UTI<\/td><\/tr><tr><td>2.2<\/td><td>Proiectare componente pentru sistemul de observa\u021bii bazat pe UAV-uri<\/td><td>P3 &#8211; ACTTM<\/td><\/tr><tr><td>2.3<\/td><td>Realizarea componentei de colectare \u0219i gestionare a datelor satelitare&nbsp;<\/td><td>P4 &#8211; TERRASIGNA<\/td><\/tr><tr><td>2.4<\/td><td>Realizarea componentei de colectare \u0219i gestionare a datelor de\u021binute de autorit\u0103\u021bi publice \u0219i INCD-uri<\/td><td>CP &#8211; ICI<\/td><\/tr><tr><td>2.5<\/td><td>Elaborarea\/implementarea algoritmilor \u0219i lan\u021burilor de procesare aferente serviciilor de procesare \u0219i analiz\u0103 a datelor satelitare: analiz\u0103 \u0219i definire<\/td><td>P1 &#8211; UPB<\/td><\/tr><tr><td>2.6<\/td><td>Realizarea componentei de colectare \u0219i gestionare a informa\u021biilor de tip \u00ab Search and Rescue \u00bb folosind Galileo<\/td><td>P5 &#8211; ISS<\/td><\/tr><tr><td>2.7<\/td><td>Achizi\u021bionare echipamente parteneri<\/td><td>CP &#8211; ICI<\/td><\/tr><tr><td>2.8<\/td><td>Instalarea\/configurarea sistemului de conectare la date satelitare Copernicus (DHUS) &#8211; validare \u00een platformele partenerilor<\/td><td>P4 &#8211; TERRASIGNA<\/td><\/tr><tr><td>2.9<\/td><td>Strategia de exploatare a rezultatelor<\/td><td>P6 &#8211; IAAR<\/td><\/tr><tr><td>2.10<\/td><td>Realizarea platformei web pentru interfa\u0163a utilizator de acces la datele \u015fi serviciile oferite &#8211; validare \u00een platformele partenerilor<\/td><td>P2 &#8211; UTI<\/td><\/tr><tr><td>2.11<\/td><td>Specificarea&nbsp;&nbsp;\u0219i analiza alte surse de date specializate ce pot fi preluate \u00een platform\u0103 &#8211; varianta ini\u021bial\u0103<\/td><td>P1 &#8211; UPB<\/td><\/tr><tr><td>2.12<\/td><td>Analiz\u0103 \u015fi documentare scenarii de lucru &#8211; data-flow, prioritate rulare taskuri\/joburi, proiectare \u015fi implementare layere de control \u015fi securitate &#8211; varianta ini\u021bial\u0103<\/td><td>P1 &#8211; UPB<\/td><\/tr><tr><td>2.13<\/td><td>Interconectarea la sursele de date de tip \u00ab&nbsp;Search and Rescue&nbsp;\u00bb &#8211; varianta ini\u021bial\u0103<\/td><td>P5 &#8211; ISS<\/td><\/tr><\/tbody><\/table><\/figure>\n\n\n\n<a href=\"https:\/\/spero.ici.ro\/wp-content\/uploads\/2019\/12\/SPERO_RST_Etapa-II.pdf\" class=\"pdfemb-viewer\" style=\"\" data-width=\"max\" data-height=\"max\" data-toolbar=\"bottom\" data-toolbar-fixed=\"off\">SPERO_RST_Etapa-II<\/a>\n\n\n\n<h2 class=\"wp-block-heading\">Etapa 3 (2019)<\/h2>\n\n\n\n<p>Raportul etapei 3 a proiectului prezint\u0103 sinteze rezultatelor activit\u0103\u021bilor derulate \u00een aceast\u0103 etap\u0103. Activit\u0103\u021bile a fost \u00een num\u0103r de 24, coordonate de partenerii proiectului. Pentru fiecare etap\u0103 este men\u021bionat coordonatorul acesteia, dar realizarea ei a implicat colaborare \u00eentre mai mul\u021bi parteneri din cadrul consor\u021biului.<\/p>\n\n\n\n<figure class=\"wp-block-table\"><table class=\"\"><tbody><tr><td><strong>3<\/strong><\/td><td><strong>Etapa III. Interconectarea componentelor la sursele de date. Realizare prototip sistem, instalare \u0219i testare la beneficiar.\u00a0\u00a0Demonstrarea func\u0163ionalit\u0103\u0163ii \u015fi diseminarea rezultatelor<\/strong><\/td><td><strong>Responsabil<\/strong><\/td><\/tr><tr><td>3.1<\/td><td>Interconectarea la sursele de date satelitare<\/td><td>P4 &#8211; TERRASIGNA<\/td><\/tr><tr><td>3.2<\/td><td>Interconectarea la sursele de informa\u0163ii na\u0163ionale privind dezastre \u015fi situa\u0163ii de urgen\u0163\u0103<\/td><td>CP &#8211; ICI<\/td><\/tr><tr><td>3.3<\/td><td>Interconectarea la sursele de date in-situ&nbsp;<\/td><td>P2 &#8211; UTI<\/td><\/tr><tr><td>3.4<\/td><td>Interconectarea la sursele de date de tip \u00ab&nbsp;Search and Rescue&nbsp;\u00bb &#8211; varianta final\u0103<\/td><td>P5 &#8211; ISS<\/td><\/tr><tr><td>3.5<\/td><td>Dezvoltare conector pentru preluare date din alte surse, conform cu principiile stabilite \u00een platforma de interoperabilitate<\/td><td>P2 &#8211; UTI<\/td><\/tr><tr><td>3.6<\/td><td>Analiz\u0103 \u015fi documentare scenarii de lucru &#8211; data-flow, prioritate rulare taskuri\/joburi, proiectare \u015fi implementare layere de control \u015fi securitate &#8211; varianta final\u0103<\/td><td>P4 &#8211; TERRASIGNA<\/td><\/tr><tr><td>3.7<\/td><td>Dezvoltare modul de prezentare date\/alerte c\u0103tre institu\u0163ii implicate \u00een managementul situa\u0163iilor de criz\u0103<\/td><td>P2 &#8211; UTI<\/td><\/tr><tr><td>3.8<\/td><td>Integrarea componentelor sistemului \u00eentr-un prototip func\u021bional<\/td><td>P1 &#8211; UPB<\/td><\/tr><tr><td>3.9<\/td><td>Configurarea aplica\u021biilor software<\/td><td>P7 &#8211; ATM<\/td><\/tr><tr><td>3.10<\/td><td>Instalarea platformei web pentru interfa\u021ba utilizator de acces la datele \u0219i serviciile oferite<\/td><td>CP &#8211; ICI<\/td><\/tr><tr><td>3.11<\/td><td>Diseminare \u0219i participare la manifest\u0103ri tehnico-\u0219tiin\u021bifice<\/td><td>CP &#8211; ICI<\/td><\/tr><tr><td>3.12<\/td><td>Realizarea componentei de tip cloud pentru stocare date \u0219i procesare servicii<\/td><td>P4 &#8211; TERRASIGNA<\/td><\/tr><tr><td>3.13<\/td><td>Realizarea platformei web pentru interfa\u0163a utilizator de acces la datele \u015fi serviciile oferite &#8211; opera\u021bionalizare \u00een platforma integrat\u0103<\/td><td>P4 &#8211; TERRASIGNA<\/td><\/tr><tr><td>3.14<\/td><td>Realizarea componentei de management a utiliz\u0103rii sistemului (useri, resurse, conexiuni, intr\u0103ri, ie\u0219iri, etc.)<\/td><td>P4 &#8211; TERRASIGNA<\/td><\/tr><tr><td>3.15<\/td><td>Realizarea bazelor de date de stocare a datelor interne \u0219i externe sistemului&nbsp;<\/td><td>P4 &#8211; TERRASIGNA<\/td><\/tr><tr><td>3.16<\/td><td>Realizarea componentei de colectare \u0219i gestionare a observa\u021biilor in-situ (UAV)&nbsp;<\/td><td>P3 &#8211; ACTTM<\/td><\/tr><tr><td>3.17<\/td><td>Realizarea bazelor de date prin digitizare a informa\u0163iilor imagine \u00een format analogic (fotograme aeriene \u015fi terestre) \u00eenregistrate \u00een arealele calamitate \u00een cazul unor dezastre majore<\/td><td>P2 &#8211; UTI<\/td><\/tr><tr><td>3.18<\/td><td>Realizarea componentei de colectare \u0219i gestionare a datelor multi-surs\u0103&nbsp;<\/td><td>CP &#8211; ICI<\/td><\/tr><tr><td>3.19<\/td><td>Dezvoltare \u0219i implementare modul de tip &#8220;Data-Fusion&#8221;<\/td><td>P1 &#8211; UPB<\/td><\/tr><tr><td>3.20<\/td><td>Specificarea&nbsp;&nbsp;\u0219i analiza alte surse de date specializate ce pot fi preluate \u00een platform\u0103 &#8211; varianta final\u0103<\/td><td>P4 &#8211; TERRASIGNA<\/td><\/tr><tr><td>3.21<\/td><td>Elaborarea\/implementarea algoritmilor \u0219i lan\u021burilor de procesare aferente serviciilor de procesare \u0219i analiz\u0103 a datelor satelitare: implementare, integrare \u0219i evaluare<\/td><td>P4 &#8211; TERRASIGNA<\/td><\/tr><tr><td>3.22<\/td><td>Achizi\u021bionarea componentelor hard \u0219i soft ale infrastructurii platformei integrate<\/td><td>CP &#8211; ICI<\/td><\/tr><tr><td>3.23<\/td><td>Instalarea \u0219i configurarea echipamentelor achizi\u021bionate&nbsp;<\/td><td>P2 &#8211; UTI<\/td><\/tr><tr><td>3.24<\/td><td>Instalarea\/configurarea sistemului de conectare la date satelitare Copernicus (DHUS) &#8211; opera\u021bionalizare \u00een platforma integrat\u0103<\/td><td>P4 &#8211; TERRASIGNA<\/td><\/tr><\/tbody><\/table><\/figure>\n\n\n\n<a href=\"https:\/\/spero.ici.ro\/wp-content\/uploads\/2019\/12\/SPERO_Raport_Final_Etapa-III.pdf\" class=\"pdfemb-viewer\" style=\"\" data-width=\"max\" data-height=\"max\" data-toolbar=\"bottom\" data-toolbar-fixed=\"off\">SPERO_Raport_Final_Etapa-III<\/a>\n","protected":false},"excerpt":{"rendered":"<p>Etapa 1 (2017) Raportul etapei 1 a proiectului prezint\u0103 sinteze rezultatelor activit\u0103\u021bilor derulate \u00een aceast\u0103 etap\u0103. Activit\u0103\u021bile a fost \u00een num\u0103r de 13, coordonate de partenerii proiectului. Pentru fiecare etap\u0103 este men\u021bionat coordonatorul acesteia, dar realizarea ei a implicat colaborare&#8230;<br \/><a class=\"read-more-button\" href=\"https:\/\/spero.ici.ro\/?page_id=494\">Read more<\/a><\/p>\n","protected":false},"author":1,"featured_media":0,"parent":486,"menu_order":0,"comment_status":"closed","ping_status":"closed","template":"","meta":{"footnotes":""},"class_list":["post-494","page","type-page","status-publish","hentry"],"_links":{"self":[{"href":"https:\/\/spero.ici.ro\/index.php?rest_route=\/wp\/v2\/pages\/494","targetHints":{"allow":["GET"]}}],"collection":[{"href":"https:\/\/spero.ici.ro\/index.php?rest_route=\/wp\/v2\/pages"}],"about":[{"href":"https:\/\/spero.ici.ro\/index.php?rest_route=\/wp\/v2\/types\/page"}],"author":[{"embeddable":true,"href":"https:\/\/spero.ici.ro\/index.php?rest_route=\/wp\/v2\/users\/1"}],"replies":[{"embeddable":true,"href":"https:\/\/spero.ici.ro\/index.php?rest_route=%2Fwp%2Fv2%2Fcomments&post=494"}],"version-history":[{"count":7,"href":"https:\/\/spero.ici.ro\/index.php?rest_route=\/wp\/v2\/pages\/494\/revisions"}],"predecessor-version":[{"id":1205,"href":"https:\/\/spero.ici.ro\/index.php?rest_route=\/wp\/v2\/pages\/494\/revisions\/1205"}],"up":[{"embeddable":true,"href":"https:\/\/spero.ici.ro\/index.php?rest_route=\/wp\/v2\/pages\/486"}],"wp:attachment":[{"href":"https:\/\/spero.ici.ro\/index.php?rest_route=%2Fwp%2Fv2%2Fmedia&parent=494"}],"curies":[{"name":"wp","href":"https:\/\/api.w.org\/{rel}","templated":true}]}}