{"id":498,"date":"2017-04-03T10:42:45","date_gmt":"2017-04-03T07:42:45","guid":{"rendered":"http:\/\/spero.ici.ro\/?page_id=498"},"modified":"2020-11-26T05:05:12","modified_gmt":"2020-11-26T05:05:12","slug":"servicii","status":"publish","type":"page","link":"https:\/\/spero.ici.ro\/?page_id=498","title":{"rendered":"Servicii"},"content":{"rendered":"\n<figure class=\"wp-block-table\"><table><tbody><tr><td><strong>Nr.<\/strong><\/td><td><strong>Serviciile definite \u00een propunerea de proiect<\/strong><\/td><td><strong>Responsabil<\/strong><\/td><\/tr><tr><td>1<\/td><td><strong>Serviciul pentru secet\u0103<\/strong>: va permite vizualizarea anumitor indici de secet\u0103, anima\u021bii privind evolu\u021bia acestora \u00een timp, h\u0103r\u021bi de probabilitate multi-anual\u0103 a fenomenului secet\u0103.<\/td><td>P4 &#8211; TERRASIGNA<\/td><\/tr><tr><td>2<\/td><td><strong>Serviciul pentru inunda\u021bii<\/strong>: va permite vizualizarea de h\u0103r\u021bi de situa\u021bie, extinderea maxim\u0103 a inunda\u021biilor, analiza impactului evenimentului.<\/td><td>P4 &#8211; TERRASIGNA<\/td><\/tr><tr><td>3<\/td><td><strong>Serviciul pentru alunec\u0103ri de teren<\/strong>: va permite vizualizarea de h\u0103r\u021bi georeferen\u021biate de deformare a terenului.<\/td><td>P4 &#8211; TERRASIGNA<\/td><\/tr><tr><td>4<\/td><td><strong>Serviciul pentru cutremure (timp real \u0219i post criz\u0103)<\/strong>: va permite vizualizarea \u00een timp real a alertelor de cutremur prin integrarea cu serviciul furnizat de INCD-FP \u0219i vizualizarea de h\u0103r\u021bi de referin\u021b\u0103 \u0219i de situa\u021bie, h\u0103r\u021bi de deforma\u021bii.<\/td><td>P4 &#8211; TERRASIGNA<\/td><\/tr><tr><td>5<\/td><td><strong>Serviciul pentru fenomene meteo extreme:<\/strong>&nbsp;vizualizarea \u00een timp real a alertelor meteo extreme preluate de la autoritatea na\u021bional\u0103 sau de la&nbsp;<em>meteoalram.eu&nbsp;<\/em>(The Network of European Meteorological Services \u2013 EUMETNET).<\/td><td>P2 &#8211; UTI<\/td><\/tr><tr><td>6<\/td><td><strong>Serviciul pentru observa\u021bii in-situ (UAS):&nbsp;<\/strong>va realiza prototipul unei componente de observa\u021bii in-situ, bazat\u0103 pe sisteme aeriene f\u0103r\u0103 pilot (UAS), dotat cu o camer\u0103 optic\/video (vizibil, termal), care va simula interven\u021bia\/evaluarea pagubelor la un dezastru de tipul inunda\u021bie; un modul pentru cartografierea \u0219i generarea de modele 3D, tehnici \u0219i algoritmi inovativi pentru procesarea automat\u0103 a datelor video \u00een func\u021bie de modul de operare a platformelor UAV \u0219i a managementului infrastructurii suport.<\/td><td>P3 &#8211; ACTTM<\/td><\/tr><tr><td>7<\/td><td><strong>Serviciul de vreme spatial\u0103<\/strong>: buletinele nowcasting vor cuprinde informa\u021bii asupra activit\u0103\u021bii solare fotosferice, cromosferice \u0219i coronale, caracteristicilor v\u00e2ntului solar la nivelul orbitei terestre \u0219i estimarea cre\u0219terii activit\u0103\u021bii geomagnetice cu implica\u021biile asupra vie\u021bii \u0219i activit\u0103\u021bii pe P\u0103m\u00e2nt conform unei scale interna\u021bionale definita.<\/td><td>P6 &#8211; IAAR<\/td><\/tr><tr><td>8<\/td><td><strong>Serviciul de supraveghere spa\u021bial\u0103<\/strong>: o re\u021bea de camere all-sky va fi instalat\u0103 \u00een partea de NW a Romaniei \u0219i va permite detectarea intr\u0103rii \u00een atmosfer\u0103 a meteoroizilor \u0219i\/sau a resturilor de sateli\u021bi \u0219i trepte purt\u0103toare \u00een vederea reconstruirii orbitelor pre-atmosferice ale acestora.<\/td><td>P6 &#8211; IAAR<\/td><\/tr><tr><td>9<\/td><td><strong>Seviciul de \u201dC\u0103utare \u0219i salvare\u201d \u2013 Galileo<\/strong>: interfa\u021barea sistemului cu centrele autorizate pentru utilizarea serviciului Galileo SAR. Testarea privind diverse situa\u021bii SAR se va realiza pentru a evalua detec\u021bia semnalului de la un echipament de tipul balizelor de semnalizare (distress beacons) dar \u0219i a preciziei de localizare.<\/td><td>P5 &#8211; ISS<\/td><\/tr><tr><td>10<\/td><td><strong>Serviciul de securitate<\/strong>: analiza \u0219i planificare pentru coordonarea interventiilor umanitare la sol \u0219i aeropurtate \u00een situatii de criza majora, servicii de cartografiere zonala \u0219i evaluare a arealelor afectare de diverse dezastre.<\/td><td>P7 &#8211; ATM<\/td><\/tr><\/tbody><\/table><\/figure>\n\n\n","protected":false},"excerpt":{"rendered":"<p>Nr. Serviciile definite \u00een propunerea de proiect Responsabil 1 Serviciul pentru secet\u0103: va permite vizualizarea anumitor indici de secet\u0103, anima\u021bii privind evolu\u021bia acestora \u00een timp, h\u0103r\u021bi de probabilitate multi-anual\u0103 a fenomenului secet\u0103. P4 &#8211; TERRASIGNA 2 Serviciul pentru inunda\u021bii: va&#8230;<br \/><a class=\"read-more-button\" href=\"https:\/\/spero.ici.ro\/?page_id=498\">Read more<\/a><\/p>\n","protected":false},"author":1,"featured_media":0,"parent":0,"menu_order":0,"comment_status":"closed","ping_status":"closed","template":"","meta":{"footnotes":""},"class_list":["post-498","page","type-page","status-publish","hentry"],"_links":{"self":[{"href":"https:\/\/spero.ici.ro\/index.php?rest_route=\/wp\/v2\/pages\/498","targetHints":{"allow":["GET"]}}],"collection":[{"href":"https:\/\/spero.ici.ro\/index.php?rest_route=\/wp\/v2\/pages"}],"about":[{"href":"https:\/\/spero.ici.ro\/index.php?rest_route=\/wp\/v2\/types\/page"}],"author":[{"embeddable":true,"href":"https:\/\/spero.ici.ro\/index.php?rest_route=\/wp\/v2\/users\/1"}],"replies":[{"embeddable":true,"href":"https:\/\/spero.ici.ro\/index.php?rest_route=%2Fwp%2Fv2%2Fcomments&post=498"}],"version-history":[{"count":5,"href":"https:\/\/spero.ici.ro\/index.php?rest_route=\/wp\/v2\/pages\/498\/revisions"}],"predecessor-version":[{"id":1295,"href":"https:\/\/spero.ici.ro\/index.php?rest_route=\/wp\/v2\/pages\/498\/revisions\/1295"}],"wp:attachment":[{"href":"https:\/\/spero.ici.ro\/index.php?rest_route=%2Fwp%2Fv2%2Fmedia&parent=498"}],"curies":[{"name":"wp","href":"https:\/\/api.w.org\/{rel}","templated":true}]}}